{"id":134,"date":"2018-01-21T09:50:06","date_gmt":"2018-01-21T08:50:06","guid":{"rendered":"http:\/\/www.hervekerac.fr\/?page_id=134"},"modified":"2025-02-03T20:59:57","modified_gmt":"2025-02-03T19:59:57","slug":"134-2","status":"publish","type":"page","link":"https:\/\/www.hervekerac.fr\/","title":{"rendered":""},"content":{"rendered":"\n<div class=\"wp-block-columns has-2-columns is-layout-flex wp-container-core-columns-is-layout-9d6595d7 wp-block-columns-is-layout-flex\">\n<div class=\"wp-block-column is-layout-flow wp-block-column-is-layout-flow\">\n<figure class=\"wp-block-image is-resized\"><img loading=\"lazy\" decoding=\"async\" src=\"http:\/\/www.hervekerac.fr\/wp-content\/uploads\/2018\/01\/Pochette-Herve\u0301-Ke\u0301rac-La-Re\u0301sistance-2000-1024x1024.jpg\" alt=\"\" class=\"wp-image-132\" width=\"469\" height=\"469\" srcset=\"https:\/\/www.hervekerac.fr\/wp-content\/uploads\/2018\/01\/Pochette-Herve\u0301-Ke\u0301rac-La-Re\u0301sistance-2000-1024x1024.jpg 1024w, https:\/\/www.hervekerac.fr\/wp-content\/uploads\/2018\/01\/Pochette-Herve\u0301-Ke\u0301rac-La-Re\u0301sistance-2000-250x250.jpg 250w, https:\/\/www.hervekerac.fr\/wp-content\/uploads\/2018\/01\/Pochette-Herve\u0301-Ke\u0301rac-La-Re\u0301sistance-2000-100x100.jpg 100w, https:\/\/www.hervekerac.fr\/wp-content\/uploads\/2018\/01\/Pochette-Herve\u0301-Ke\u0301rac-La-Re\u0301sistance-2000-350x350.jpg 350w, https:\/\/www.hervekerac.fr\/wp-content\/uploads\/2018\/01\/Pochette-Herve\u0301-Ke\u0301rac-La-Re\u0301sistance-2000-150x150.jpg 150w, https:\/\/www.hervekerac.fr\/wp-content\/uploads\/2018\/01\/Pochette-Herve\u0301-Ke\u0301rac-La-Re\u0301sistance-2000-300x300.jpg 300w, https:\/\/www.hervekerac.fr\/wp-content\/uploads\/2018\/01\/Pochette-Herve\u0301-Ke\u0301rac-La-Re\u0301sistance-2000-768x768.jpg 768w, https:\/\/www.hervekerac.fr\/wp-content\/uploads\/2018\/01\/Pochette-Herve\u0301-Ke\u0301rac-La-Re\u0301sistance-2000.jpg 2000w\" sizes=\"auto, (max-width: 469px) 100vw, 469px\" \/><\/figure>\n<\/div>\n\n\n\n<div class=\"wp-block-column is-layout-flow wp-block-column-is-layout-flow\">\n<p><\/p>\n\n\n\n<p style=\"font-size:26px\" class=\"has-text-color has-very-light-gray-color\"><\/p>\n\n\n\n<p><\/p>\n\n\n\n<p class=\"has-text-color has-very-light-gray-color\"><\/p>\n\n\n\n<p><\/p>\n<\/div>\n<\/div>\n","protected":false},"excerpt":{"rendered":"","protected":false},"author":3,"featured_media":0,"parent":0,"menu_order":0,"comment_status":"closed","ping_status":"closed","template":"","meta":{"footnotes":""},"class_list":["post-134","page","type-page","status-publish","hentry"],"yoast_head":"<!-- This site is optimized with the Yoast SEO plugin v27.4 - https:\/\/yoast.com\/product\/yoast-seo-wordpress\/ -->\n<title>- Herv\u00e9 K\u00e9rac<\/title>\n<meta name=\"robots\" content=\"index, follow, max-snippet:-1, max-image-preview:large, max-video-preview:-1\" \/>\n<link rel=\"canonical\" href=\"https:\/\/www.hervekerac.fr\/\" \/>\n<meta property=\"og:locale\" content=\"fr_FR\" \/>\n<meta property=\"og:type\" content=\"article\" \/>\n<meta property=\"og:title\" content=\"- Herv\u00e9 K\u00e9rac\" \/>\n<meta property=\"og:url\" content=\"https:\/\/www.hervekerac.fr\/\" \/>\n<meta property=\"og:site_name\" content=\"Herv\u00e9 K\u00e9rac\" \/>\n<meta property=\"article:publisher\" content=\"https:\/\/www.facebook.com\/hervekerac.officiel\/\" \/>\n<meta property=\"article:modified_time\" content=\"2025-02-03T19:59:57+00:00\" \/>\n<meta name=\"twitter:card\" content=\"summary_large_image\" \/>\n<script type=\"application\/ld+json\" class=\"yoast-schema-graph\">{\"@context\":\"https:\\\/\\\/schema.org\",\"@graph\":[{\"@type\":\"WebPage\",\"@id\":\"https:\\\/\\\/www.hervekerac.fr\\\/\",\"url\":\"https:\\\/\\\/www.hervekerac.fr\\\/\",\"name\":\"- Herv\u00e9 K\u00e9rac\",\"isPartOf\":{\"@id\":\"https:\\\/\\\/www.hervekerac.fr\\\/#website\"},\"datePublished\":\"2018-01-21T08:50:06+00:00\",\"dateModified\":\"2025-02-03T19:59:57+00:00\",\"inLanguage\":\"fr-FR\",\"potentialAction\":[{\"@type\":\"ReadAction\",\"target\":[\"https:\\\/\\\/www.hervekerac.fr\\\/\"]}]},{\"@type\":\"WebSite\",\"@id\":\"https:\\\/\\\/www.hervekerac.fr\\\/#website\",\"url\":\"https:\\\/\\\/www.hervekerac.fr\\\/\",\"name\":\"Herv\u00e9 K\u00e9rac\",\"description\":\"La R\u00e9sistance - premier album\",\"potentialAction\":[{\"@type\":\"SearchAction\",\"target\":{\"@type\":\"EntryPoint\",\"urlTemplate\":\"https:\\\/\\\/www.hervekerac.fr\\\/?s={search_term_string}\"},\"query-input\":{\"@type\":\"PropertyValueSpecification\",\"valueRequired\":true,\"valueName\":\"search_term_string\"}}],\"inLanguage\":\"fr-FR\"}]}<\/script>\n<!-- \/ Yoast SEO plugin. -->","yoast_head_json":{"title":"- Herv\u00e9 K\u00e9rac","robots":{"index":"index","follow":"follow","max-snippet":"max-snippet:-1","max-image-preview":"max-image-preview:large","max-video-preview":"max-video-preview:-1"},"canonical":"https:\/\/www.hervekerac.fr\/","og_locale":"fr_FR","og_type":"article","og_title":"- Herv\u00e9 K\u00e9rac","og_url":"https:\/\/www.hervekerac.fr\/","og_site_name":"Herv\u00e9 K\u00e9rac","article_publisher":"https:\/\/www.facebook.com\/hervekerac.officiel\/","article_modified_time":"2025-02-03T19:59:57+00:00","twitter_card":"summary_large_image","schema":{"@context":"https:\/\/schema.org","@graph":[{"@type":"WebPage","@id":"https:\/\/www.hervekerac.fr\/","url":"https:\/\/www.hervekerac.fr\/","name":"- Herv\u00e9 K\u00e9rac","isPartOf":{"@id":"https:\/\/www.hervekerac.fr\/#website"},"datePublished":"2018-01-21T08:50:06+00:00","dateModified":"2025-02-03T19:59:57+00:00","inLanguage":"fr-FR","potentialAction":[{"@type":"ReadAction","target":["https:\/\/www.hervekerac.fr\/"]}]},{"@type":"WebSite","@id":"https:\/\/www.hervekerac.fr\/#website","url":"https:\/\/www.hervekerac.fr\/","name":"Herv\u00e9 K\u00e9rac","description":"La R\u00e9sistance - premier album","potentialAction":[{"@type":"SearchAction","target":{"@type":"EntryPoint","urlTemplate":"https:\/\/www.hervekerac.fr\/?s={search_term_string}"},"query-input":{"@type":"PropertyValueSpecification","valueRequired":true,"valueName":"search_term_string"}}],"inLanguage":"fr-FR"}]}},"_links":{"self":[{"href":"https:\/\/www.hervekerac.fr\/index.php\/wp-json\/wp\/v2\/pages\/134","targetHints":{"allow":["GET"]}}],"collection":[{"href":"https:\/\/www.hervekerac.fr\/index.php\/wp-json\/wp\/v2\/pages"}],"about":[{"href":"https:\/\/www.hervekerac.fr\/index.php\/wp-json\/wp\/v2\/types\/page"}],"author":[{"embeddable":true,"href":"https:\/\/www.hervekerac.fr\/index.php\/wp-json\/wp\/v2\/users\/3"}],"replies":[{"embeddable":true,"href":"https:\/\/www.hervekerac.fr\/index.php\/wp-json\/wp\/v2\/comments?post=134"}],"version-history":[{"count":84,"href":"https:\/\/www.hervekerac.fr\/index.php\/wp-json\/wp\/v2\/pages\/134\/revisions"}],"predecessor-version":[{"id":1135,"href":"https:\/\/www.hervekerac.fr\/index.php\/wp-json\/wp\/v2\/pages\/134\/revisions\/1135"}],"wp:attachment":[{"href":"https:\/\/www.hervekerac.fr\/index.php\/wp-json\/wp\/v2\/media?parent=134"}],"curies":[{"name":"wp","href":"https:\/\/api.w.org\/{rel}","templated":true}]}}