{"id":39,"date":"2018-01-16T07:47:52","date_gmt":"2018-01-16T06:47:52","guid":{"rendered":"http:\/\/www.hervekerac.fr\/?page_id=39"},"modified":"2020-03-06T09:53:12","modified_gmt":"2020-03-06T08:53:12","slug":"videos","status":"publish","type":"page","link":"https:\/\/www.hervekerac.fr\/index.php\/videos\/","title":{"rendered":"&#8211; Vid\u00e9os &#8211;"},"content":{"rendered":"\n<figure class=\"wp-block-embed-youtube wp-block-embed is-type-video is-provider-youtube wp-embed-aspect-16-9 wp-has-aspect-ratio\"><div class=\"wp-block-embed__wrapper\">\n<iframe loading=\"lazy\" title=\"Herv\u00e9 K\u00e9rac - La Ronde (Clip officiel)\" width=\"525\" height=\"295\" src=\"https:\/\/www.youtube.com\/embed\/eJX_m0qYt70?feature=oembed\" frameborder=\"0\" allow=\"accelerometer; autoplay; clipboard-write; encrypted-media; gyroscope; picture-in-picture; web-share\" referrerpolicy=\"strict-origin-when-cross-origin\" allowfullscreen><\/iframe>\n<\/div><\/figure>\n\n\n\n<hr class=\"wp-block-separator is-style-wide\"\/>\n\n\n\n<figure class=\"wp-block-embed-youtube aligncenter wp-block-embed is-type-video is-provider-youtube wp-embed-aspect-16-9 wp-has-aspect-ratio\"><div class=\"wp-block-embed__wrapper\">\n<iframe loading=\"lazy\" title=\"Herv\u00e9 K\u00e9rac - Attractions terrestres (Lyrics video)\" width=\"525\" height=\"295\" src=\"https:\/\/www.youtube.com\/embed\/tYT3Nbt4waA?feature=oembed\" frameborder=\"0\" allow=\"accelerometer; autoplay; clipboard-write; encrypted-media; gyroscope; picture-in-picture; web-share\" referrerpolicy=\"strict-origin-when-cross-origin\" allowfullscreen><\/iframe>\n<\/div><\/figure>\n\n\n\n<hr class=\"wp-block-separator is-style-wide\"\/>\n\n\n\n<figure class=\"wp-block-embed-youtube wp-block-embed is-type-video is-provider-youtube wp-embed-aspect-16-9 wp-has-aspect-ratio\"><div class=\"wp-block-embed__wrapper\">\n<iframe loading=\"lazy\" title=\"Herv\u00e9 K\u00e9rac feat. Myriam Aouadi-Brunner - Passer par l\u00e0 (Clip officiel)\" width=\"525\" height=\"295\" src=\"https:\/\/www.youtube.com\/embed\/HrvCnBSX1w0?feature=oembed\" frameborder=\"0\" allow=\"accelerometer; autoplay; clipboard-write; encrypted-media; gyroscope; picture-in-picture; web-share\" referrerpolicy=\"strict-origin-when-cross-origin\" allowfullscreen><\/iframe>\n<\/div><\/figure>\n\n\n\n<hr class=\"wp-block-separator is-style-wide\"\/>\n\n\n\n<figure class=\"wp-block-embed-youtube wp-block-embed is-type-video is-provider-youtube wp-embed-aspect-16-9 wp-has-aspect-ratio\"><div class=\"wp-block-embed__wrapper\">\n<iframe loading=\"lazy\" title=\"Herv\u00e9 K\u00e9rac - Ailleurs (Lyrics video)\" width=\"525\" height=\"295\" src=\"https:\/\/www.youtube.com\/embed\/d7L4_YGsiZw?feature=oembed\" frameborder=\"0\" allow=\"accelerometer; autoplay; clipboard-write; encrypted-media; gyroscope; picture-in-picture; web-share\" referrerpolicy=\"strict-origin-when-cross-origin\" allowfullscreen><\/iframe>\n<\/div><\/figure>\n\n\n\n<hr class=\"wp-block-separator is-style-wide\"\/>\n\n\n\n<figure class=\"wp-block-embed-youtube wp-block-embed is-type-video is-provider-youtube wp-embed-aspect-16-9 wp-has-aspect-ratio\"><div class=\"wp-block-embed__wrapper\">\n<iframe loading=\"lazy\" title=\"Herv\u00e9 K\u00e9rac - \u00c0 l\u2019envers (Live session)\" width=\"525\" height=\"295\" src=\"https:\/\/www.youtube.com\/embed\/NPhBE0SR5SA?feature=oembed\" frameborder=\"0\" allow=\"accelerometer; autoplay; clipboard-write; encrypted-media; gyroscope; picture-in-picture; web-share\" referrerpolicy=\"strict-origin-when-cross-origin\" allowfullscreen><\/iframe>\n<\/div><\/figure>\n\n\n\n<hr class=\"wp-block-separator is-style-default\"\/>\n\n\n\n<div class=\"wp-block-columns has-2-columns is-layout-flex wp-container-core-columns-is-layout-9d6595d7 wp-block-columns-is-layout-flex\">\n<div class=\"wp-block-column is-layout-flow wp-block-column-is-layout-flow\"><\/div>\n\n\n\n<div class=\"wp-block-column is-layout-flow wp-block-column-is-layout-flow\">\n<p><\/p>\n<\/div>\n<\/div>\n","protected":false},"excerpt":{"rendered":"","protected":false},"author":3,"featured_media":0,"parent":0,"menu_order":5,"comment_status":"closed","ping_status":"closed","template":"","meta":{"footnotes":""},"class_list":["post-39","page","type-page","status-publish","hentry"],"yoast_head":"<!-- This site is optimized with the Yoast SEO plugin v27.6 - https:\/\/yoast.com\/product\/yoast-seo-wordpress\/ -->\n<title>- Vid\u00e9os - Herv\u00e9 K\u00e9rac<\/title>\n<meta name=\"robots\" content=\"index, follow, max-snippet:-1, max-image-preview:large, max-video-preview:-1\" \/>\n<link rel=\"canonical\" href=\"https:\/\/www.hervekerac.fr\/index.php\/videos\/\" \/>\n<meta property=\"og:locale\" content=\"fr_FR\" \/>\n<meta property=\"og:type\" content=\"article\" \/>\n<meta property=\"og:title\" content=\"- Vid\u00e9os - Herv\u00e9 K\u00e9rac\" \/>\n<meta property=\"og:url\" content=\"https:\/\/www.hervekerac.fr\/index.php\/videos\/\" \/>\n<meta property=\"og:site_name\" content=\"Herv\u00e9 K\u00e9rac\" \/>\n<meta property=\"article:publisher\" content=\"https:\/\/www.facebook.com\/hervekerac.officiel\/\" \/>\n<meta property=\"article:modified_time\" content=\"2020-03-06T08:53:12+00:00\" \/>\n<meta name=\"twitter:card\" content=\"summary_large_image\" \/>\n<script type=\"application\/ld+json\" class=\"yoast-schema-graph\">{\"@context\":\"https:\\\/\\\/schema.org\",\"@graph\":[{\"@type\":\"WebPage\",\"@id\":\"https:\\\/\\\/www.hervekerac.fr\\\/index.php\\\/videos\\\/\",\"url\":\"https:\\\/\\\/www.hervekerac.fr\\\/index.php\\\/videos\\\/\",\"name\":\"- Vid\u00e9os - Herv\u00e9 K\u00e9rac\",\"isPartOf\":{\"@id\":\"https:\\\/\\\/www.hervekerac.fr\\\/#website\"},\"datePublished\":\"2018-01-16T06:47:52+00:00\",\"dateModified\":\"2020-03-06T08:53:12+00:00\",\"breadcrumb\":{\"@id\":\"https:\\\/\\\/www.hervekerac.fr\\\/index.php\\\/videos\\\/#breadcrumb\"},\"inLanguage\":\"fr-FR\",\"potentialAction\":[{\"@type\":\"ReadAction\",\"target\":[\"https:\\\/\\\/www.hervekerac.fr\\\/index.php\\\/videos\\\/\"]}]},{\"@type\":\"BreadcrumbList\",\"@id\":\"https:\\\/\\\/www.hervekerac.fr\\\/index.php\\\/videos\\\/#breadcrumb\",\"itemListElement\":[{\"@type\":\"ListItem\",\"position\":1,\"name\":\"Accueil\",\"item\":\"https:\\\/\\\/www.hervekerac.fr\\\/\"},{\"@type\":\"ListItem\",\"position\":2,\"name\":\"&#8211; Vid\u00e9os &#8211;\"}]},{\"@type\":\"WebSite\",\"@id\":\"https:\\\/\\\/www.hervekerac.fr\\\/#website\",\"url\":\"https:\\\/\\\/www.hervekerac.fr\\\/\",\"name\":\"Herv\u00e9 K\u00e9rac\",\"description\":\"La R\u00e9sistance - premier album\",\"potentialAction\":[{\"@type\":\"SearchAction\",\"target\":{\"@type\":\"EntryPoint\",\"urlTemplate\":\"https:\\\/\\\/www.hervekerac.fr\\\/?s={search_term_string}\"},\"query-input\":{\"@type\":\"PropertyValueSpecification\",\"valueRequired\":true,\"valueName\":\"search_term_string\"}}],\"inLanguage\":\"fr-FR\"}]}<\/script>\n<!-- \/ Yoast SEO plugin. -->","yoast_head_json":{"title":"- Vid\u00e9os - Herv\u00e9 K\u00e9rac","robots":{"index":"index","follow":"follow","max-snippet":"max-snippet:-1","max-image-preview":"max-image-preview:large","max-video-preview":"max-video-preview:-1"},"canonical":"https:\/\/www.hervekerac.fr\/index.php\/videos\/","og_locale":"fr_FR","og_type":"article","og_title":"- Vid\u00e9os - Herv\u00e9 K\u00e9rac","og_url":"https:\/\/www.hervekerac.fr\/index.php\/videos\/","og_site_name":"Herv\u00e9 K\u00e9rac","article_publisher":"https:\/\/www.facebook.com\/hervekerac.officiel\/","article_modified_time":"2020-03-06T08:53:12+00:00","twitter_card":"summary_large_image","schema":{"@context":"https:\/\/schema.org","@graph":[{"@type":"WebPage","@id":"https:\/\/www.hervekerac.fr\/index.php\/videos\/","url":"https:\/\/www.hervekerac.fr\/index.php\/videos\/","name":"- Vid\u00e9os - Herv\u00e9 K\u00e9rac","isPartOf":{"@id":"https:\/\/www.hervekerac.fr\/#website"},"datePublished":"2018-01-16T06:47:52+00:00","dateModified":"2020-03-06T08:53:12+00:00","breadcrumb":{"@id":"https:\/\/www.hervekerac.fr\/index.php\/videos\/#breadcrumb"},"inLanguage":"fr-FR","potentialAction":[{"@type":"ReadAction","target":["https:\/\/www.hervekerac.fr\/index.php\/videos\/"]}]},{"@type":"BreadcrumbList","@id":"https:\/\/www.hervekerac.fr\/index.php\/videos\/#breadcrumb","itemListElement":[{"@type":"ListItem","position":1,"name":"Accueil","item":"https:\/\/www.hervekerac.fr\/"},{"@type":"ListItem","position":2,"name":"&#8211; Vid\u00e9os &#8211;"}]},{"@type":"WebSite","@id":"https:\/\/www.hervekerac.fr\/#website","url":"https:\/\/www.hervekerac.fr\/","name":"Herv\u00e9 K\u00e9rac","description":"La R\u00e9sistance - premier album","potentialAction":[{"@type":"SearchAction","target":{"@type":"EntryPoint","urlTemplate":"https:\/\/www.hervekerac.fr\/?s={search_term_string}"},"query-input":{"@type":"PropertyValueSpecification","valueRequired":true,"valueName":"search_term_string"}}],"inLanguage":"fr-FR"}]}},"_links":{"self":[{"href":"https:\/\/www.hervekerac.fr\/index.php\/wp-json\/wp\/v2\/pages\/39","targetHints":{"allow":["GET"]}}],"collection":[{"href":"https:\/\/www.hervekerac.fr\/index.php\/wp-json\/wp\/v2\/pages"}],"about":[{"href":"https:\/\/www.hervekerac.fr\/index.php\/wp-json\/wp\/v2\/types\/page"}],"author":[{"embeddable":true,"href":"https:\/\/www.hervekerac.fr\/index.php\/wp-json\/wp\/v2\/users\/3"}],"replies":[{"embeddable":true,"href":"https:\/\/www.hervekerac.fr\/index.php\/wp-json\/wp\/v2\/comments?post=39"}],"version-history":[{"count":40,"href":"https:\/\/www.hervekerac.fr\/index.php\/wp-json\/wp\/v2\/pages\/39\/revisions"}],"predecessor-version":[{"id":1235,"href":"https:\/\/www.hervekerac.fr\/index.php\/wp-json\/wp\/v2\/pages\/39\/revisions\/1235"}],"wp:attachment":[{"href":"https:\/\/www.hervekerac.fr\/index.php\/wp-json\/wp\/v2\/media?parent=39"}],"curies":[{"name":"wp","href":"https:\/\/api.w.org\/{rel}","templated":true}]}}