{"id":789,"date":"2018-12-20T14:15:33","date_gmt":"2018-12-20T13:15:33","guid":{"rendered":"http:\/\/www.hervekerac.fr\/?page_id=789"},"modified":"2020-02-06T12:36:50","modified_gmt":"2020-02-06T11:36:50","slug":"album-la-resistance","status":"publish","type":"page","link":"https:\/\/www.hervekerac.fr\/index.php\/album-la-resistance\/","title":{"rendered":"&#8211; La R\u00e9sistance &#8211;"},"content":{"rendered":"\n<hr class=\"wp-block-separator is-style-wide\"\/>\n\n\n\n<div class=\"wp-block-columns has-2-columns is-layout-flex wp-container-core-columns-is-layout-9d6595d7 wp-block-columns-is-layout-flex\">\n<div class=\"wp-block-column is-layout-flow wp-block-column-is-layout-flow\">\n<div class=\"wp-block-media-text alignwide\" style=\"grid-template-columns:100% auto\"><figure class=\"wp-block-media-text__media\"><img loading=\"lazy\" decoding=\"async\" width=\"1024\" height=\"1024\" src=\"http:\/\/www.hervekerac.fr\/wp-content\/uploads\/2018\/01\/Pochette-Herve\u0301-Ke\u0301rac-La-Re\u0301sistance-2000-1024x1024.jpg\" alt=\"\" class=\"wp-image-132\" srcset=\"https:\/\/www.hervekerac.fr\/wp-content\/uploads\/2018\/01\/Pochette-Herve\u0301-Ke\u0301rac-La-Re\u0301sistance-2000-1024x1024.jpg 1024w, https:\/\/www.hervekerac.fr\/wp-content\/uploads\/2018\/01\/Pochette-Herve\u0301-Ke\u0301rac-La-Re\u0301sistance-2000-250x250.jpg 250w, https:\/\/www.hervekerac.fr\/wp-content\/uploads\/2018\/01\/Pochette-Herve\u0301-Ke\u0301rac-La-Re\u0301sistance-2000-100x100.jpg 100w, https:\/\/www.hervekerac.fr\/wp-content\/uploads\/2018\/01\/Pochette-Herve\u0301-Ke\u0301rac-La-Re\u0301sistance-2000-350x350.jpg 350w, https:\/\/www.hervekerac.fr\/wp-content\/uploads\/2018\/01\/Pochette-Herve\u0301-Ke\u0301rac-La-Re\u0301sistance-2000-150x150.jpg 150w, https:\/\/www.hervekerac.fr\/wp-content\/uploads\/2018\/01\/Pochette-Herve\u0301-Ke\u0301rac-La-Re\u0301sistance-2000-300x300.jpg 300w, https:\/\/www.hervekerac.fr\/wp-content\/uploads\/2018\/01\/Pochette-Herve\u0301-Ke\u0301rac-La-Re\u0301sistance-2000-768x768.jpg 768w, https:\/\/www.hervekerac.fr\/wp-content\/uploads\/2018\/01\/Pochette-Herve\u0301-Ke\u0301rac-La-Re\u0301sistance-2000.jpg 2000w\" sizes=\"auto, (max-width: 767px) 89vw, (max-width: 1000px) 54vw, (max-width: 1071px) 543px, 580px\" \/><\/figure><div class=\"wp-block-media-text__content\">\n<p class=\"has-large-font-size\"><\/p>\n<\/div><\/div>\n\n\n\n<p class=\"has-text-color has-background has-text-align-center has-very-dark-gray-color has-very-light-gray-background-color\"><strong><a href=\"https:\/\/imusiciandigital.lnk.to\/rOQuA\">Ecouter &#8211; T\u00e9l\u00e9charger<\/a><\/strong><\/p>\n\n\n\n<p class=\"has-text-color has-background has-text-align-center has-very-dark-gray-color has-very-light-gray-background-color\"><strong>Commander<\/strong><\/p>\n<\/div>\n\n\n\n<div class=\"wp-block-column is-layout-flow wp-block-column-is-layout-flow\">\n<div class=\"wp-block-columns has-3-columns is-layout-flex wp-container-core-columns-is-layout-9d6595d7 wp-block-columns-is-layout-flex\">\n<div class=\"wp-block-column is-layout-flow wp-block-column-is-layout-flow\"><\/div>\n\n\n\n<div class=\"wp-block-column is-layout-flow wp-block-column-is-layout-flow\"><\/div>\n\n\n\n<div class=\"wp-block-column is-layout-flow wp-block-column-is-layout-flow\"><\/div>\n<\/div>\n\n\n\n<p class=\"has-small-font-size\"><\/p>\n<\/div>\n<\/div>\n\n\n\n<hr class=\"wp-block-separator is-style-wide\"\/>\n\n\n\n<p class=\"has-text-color has-background has-text-align-left has-very-dark-gray-color has-very-light-gray-background-color\"><strong><a href=\"http:\/\/www.hervekerac.fr\/wp-content\/uploads\/2018\/06\/Livret-digital-Herve%CC%81-Ke%CC%81rac-La-Re%CC%81sistance.pdf\">Le livret digital <\/a><\/strong><em>&#8211; paroles, photos, cr\u00e9dits &#8211; <\/em><\/p>\n\n\n\n<hr class=\"wp-block-separator is-style-wide\"\/>\n\n\n\n<div class=\"wp-block-columns has-2-columns is-layout-flex wp-container-core-columns-is-layout-9d6595d7 wp-block-columns-is-layout-flex\">\n<div class=\"wp-block-column is-layout-flow wp-block-column-is-layout-flow\">\n<div class=\"wp-block-image\"><figure class=\"alignleft is-resized\"><img loading=\"lazy\" decoding=\"async\" src=\"http:\/\/www.hervekerac.fr\/wp-content\/uploads\/2018\/12\/Bandcamp-1024x1024.jpg\" alt=\"\" class=\"wp-image-434\" width=\"69\" height=\"69\" srcset=\"https:\/\/www.hervekerac.fr\/wp-content\/uploads\/2018\/12\/Bandcamp-1024x1024.jpg 1024w, https:\/\/www.hervekerac.fr\/wp-content\/uploads\/2018\/12\/Bandcamp-250x250.jpg 250w, https:\/\/www.hervekerac.fr\/wp-content\/uploads\/2018\/12\/Bandcamp-100x100.jpg 100w, https:\/\/www.hervekerac.fr\/wp-content\/uploads\/2018\/12\/Bandcamp-350x350.jpg 350w, https:\/\/www.hervekerac.fr\/wp-content\/uploads\/2018\/12\/Bandcamp-150x150.jpg 150w, https:\/\/www.hervekerac.fr\/wp-content\/uploads\/2018\/12\/Bandcamp-300x300.jpg 300w, https:\/\/www.hervekerac.fr\/wp-content\/uploads\/2018\/12\/Bandcamp-768x768.jpg 768w\" sizes=\"auto, (max-width: 69px) 100vw, 69px\" \/><figcaption>             <\/figcaption><\/figure><\/div>\n\n\n\n<p class=\"has-text-color has-background has-text-align-center has-very-dark-gray-color has-very-light-gray-background-color\"><strong><a href=\"https:\/\/hervekerac.bandcamp.com\/releases\">Ecouter  &#8211;  T\u00e9l\u00e9charger &#8211;  Commander<\/a><\/strong><\/p>\n<\/div>\n\n\n\n<div class=\"wp-block-column is-layout-flow wp-block-column-is-layout-flow\">\n<p><\/p>\n\n\n\n<p class=\"has-text-color has-text-align-center has-very-light-gray-color\"><\/p>\n<\/div>\n<\/div>\n\n\n\n<div class=\"wp-block-columns has-2-columns is-layout-flex wp-container-core-columns-is-layout-9d6595d7 wp-block-columns-is-layout-flex\">\n<div class=\"wp-block-column is-layout-flow wp-block-column-is-layout-flow\">\n<p><\/p>\n<\/div>\n\n\n\n<div class=\"wp-block-column is-layout-flow wp-block-column-is-layout-flow\"><\/div>\n<\/div>\n\n\n\n<hr class=\"wp-block-separator is-style-wide\"\/>\n","protected":false},"excerpt":{"rendered":"<p>Ecouter &#8211; T\u00e9l\u00e9charger Commander Le livret digital &#8211; paroles, photos, cr\u00e9dits &#8211; Ecouter &#8211; T\u00e9l\u00e9charger &#8211; Commander<\/p>\n","protected":false},"author":3,"featured_media":0,"parent":0,"menu_order":0,"comment_status":"closed","ping_status":"closed","template":"","meta":{"footnotes":""},"class_list":["post-789","page","type-page","status-publish","hentry"],"yoast_head":"<!-- This site is optimized with the Yoast SEO plugin v27.4 - https:\/\/yoast.com\/product\/yoast-seo-wordpress\/ -->\n<title>- La R\u00e9sistance - Herv\u00e9 K\u00e9rac<\/title>\n<meta name=\"description\" content=\"Herv\u00e9 K\u00e9rac, La R\u00e9sistance - Premier album - La R\u00e9sistance -\" \/>\n<meta name=\"robots\" content=\"index, follow, max-snippet:-1, max-image-preview:large, max-video-preview:-1\" \/>\n<link rel=\"canonical\" href=\"https:\/\/www.hervekerac.fr\/index.php\/album-la-resistance\/\" \/>\n<meta property=\"og:locale\" content=\"fr_FR\" \/>\n<meta property=\"og:type\" content=\"article\" \/>\n<meta property=\"og:title\" content=\"- La R\u00e9sistance - Herv\u00e9 K\u00e9rac\" \/>\n<meta property=\"og:description\" content=\"Herv\u00e9 K\u00e9rac, La R\u00e9sistance - Premier album - La R\u00e9sistance -\" \/>\n<meta property=\"og:url\" content=\"https:\/\/www.hervekerac.fr\/index.php\/album-la-resistance\/\" \/>\n<meta property=\"og:site_name\" content=\"Herv\u00e9 K\u00e9rac\" \/>\n<meta property=\"article:publisher\" content=\"https:\/\/www.facebook.com\/hervekerac.officiel\/\" \/>\n<meta property=\"article:modified_time\" content=\"2020-02-06T11:36:50+00:00\" \/>\n<meta property=\"og:image\" content=\"https:\/\/www.hervekerac.fr\/wp-content\/uploads\/2018\/01\/Pochette-Herve\u0301-Ke\u0301rac-La-Re\u0301sistance-2000.jpg\" \/>\n\t<meta property=\"og:image:width\" content=\"2000\" \/>\n\t<meta property=\"og:image:height\" content=\"2000\" \/>\n\t<meta property=\"og:image:type\" content=\"image\/jpeg\" \/>\n<meta name=\"twitter:card\" content=\"summary_large_image\" \/>\n<script type=\"application\/ld+json\" class=\"yoast-schema-graph\">{\"@context\":\"https:\\\/\\\/schema.org\",\"@graph\":[{\"@type\":\"WebPage\",\"@id\":\"https:\\\/\\\/www.hervekerac.fr\\\/index.php\\\/album-la-resistance\\\/\",\"url\":\"https:\\\/\\\/www.hervekerac.fr\\\/index.php\\\/album-la-resistance\\\/\",\"name\":\"- La R\u00e9sistance - Herv\u00e9 K\u00e9rac\",\"isPartOf\":{\"@id\":\"https:\\\/\\\/www.hervekerac.fr\\\/#website\"},\"primaryImageOfPage\":{\"@id\":\"https:\\\/\\\/www.hervekerac.fr\\\/index.php\\\/album-la-resistance\\\/#primaryimage\"},\"image\":{\"@id\":\"https:\\\/\\\/www.hervekerac.fr\\\/index.php\\\/album-la-resistance\\\/#primaryimage\"},\"thumbnailUrl\":\"http:\\\/\\\/www.hervekerac.fr\\\/wp-content\\\/uploads\\\/2018\\\/12\\\/Bandcamp-1024x1024.jpg\",\"datePublished\":\"2018-12-20T13:15:33+00:00\",\"dateModified\":\"2020-02-06T11:36:50+00:00\",\"description\":\"Herv\u00e9 K\u00e9rac, La R\u00e9sistance - Premier album - La R\u00e9sistance -\",\"breadcrumb\":{\"@id\":\"https:\\\/\\\/www.hervekerac.fr\\\/index.php\\\/album-la-resistance\\\/#breadcrumb\"},\"inLanguage\":\"fr-FR\",\"potentialAction\":[{\"@type\":\"ReadAction\",\"target\":[\"https:\\\/\\\/www.hervekerac.fr\\\/index.php\\\/album-la-resistance\\\/\"]}]},{\"@type\":\"ImageObject\",\"inLanguage\":\"fr-FR\",\"@id\":\"https:\\\/\\\/www.hervekerac.fr\\\/index.php\\\/album-la-resistance\\\/#primaryimage\",\"url\":\"http:\\\/\\\/www.hervekerac.fr\\\/wp-content\\\/uploads\\\/2018\\\/12\\\/Bandcamp-1024x1024.jpg\",\"contentUrl\":\"http:\\\/\\\/www.hervekerac.fr\\\/wp-content\\\/uploads\\\/2018\\\/12\\\/Bandcamp-1024x1024.jpg\"},{\"@type\":\"BreadcrumbList\",\"@id\":\"https:\\\/\\\/www.hervekerac.fr\\\/index.php\\\/album-la-resistance\\\/#breadcrumb\",\"itemListElement\":[{\"@type\":\"ListItem\",\"position\":1,\"name\":\"Accueil\",\"item\":\"https:\\\/\\\/www.hervekerac.fr\\\/\"},{\"@type\":\"ListItem\",\"position\":2,\"name\":\"&#8211; La R\u00e9sistance &#8211;\"}]},{\"@type\":\"WebSite\",\"@id\":\"https:\\\/\\\/www.hervekerac.fr\\\/#website\",\"url\":\"https:\\\/\\\/www.hervekerac.fr\\\/\",\"name\":\"Herv\u00e9 K\u00e9rac\",\"description\":\"La R\u00e9sistance - premier album\",\"potentialAction\":[{\"@type\":\"SearchAction\",\"target\":{\"@type\":\"EntryPoint\",\"urlTemplate\":\"https:\\\/\\\/www.hervekerac.fr\\\/?s={search_term_string}\"},\"query-input\":{\"@type\":\"PropertyValueSpecification\",\"valueRequired\":true,\"valueName\":\"search_term_string\"}}],\"inLanguage\":\"fr-FR\"}]}<\/script>\n<!-- \/ Yoast SEO plugin. -->","yoast_head_json":{"title":"- La R\u00e9sistance - Herv\u00e9 K\u00e9rac","description":"Herv\u00e9 K\u00e9rac, La R\u00e9sistance - Premier album - La R\u00e9sistance -","robots":{"index":"index","follow":"follow","max-snippet":"max-snippet:-1","max-image-preview":"max-image-preview:large","max-video-preview":"max-video-preview:-1"},"canonical":"https:\/\/www.hervekerac.fr\/index.php\/album-la-resistance\/","og_locale":"fr_FR","og_type":"article","og_title":"- La R\u00e9sistance - Herv\u00e9 K\u00e9rac","og_description":"Herv\u00e9 K\u00e9rac, La R\u00e9sistance - Premier album - La R\u00e9sistance -","og_url":"https:\/\/www.hervekerac.fr\/index.php\/album-la-resistance\/","og_site_name":"Herv\u00e9 K\u00e9rac","article_publisher":"https:\/\/www.facebook.com\/hervekerac.officiel\/","article_modified_time":"2020-02-06T11:36:50+00:00","og_image":[{"width":2000,"height":2000,"url":"https:\/\/www.hervekerac.fr\/wp-content\/uploads\/2018\/01\/Pochette-Herve\u0301-Ke\u0301rac-La-Re\u0301sistance-2000.jpg","type":"image\/jpeg"}],"twitter_card":"summary_large_image","schema":{"@context":"https:\/\/schema.org","@graph":[{"@type":"WebPage","@id":"https:\/\/www.hervekerac.fr\/index.php\/album-la-resistance\/","url":"https:\/\/www.hervekerac.fr\/index.php\/album-la-resistance\/","name":"- La R\u00e9sistance - Herv\u00e9 K\u00e9rac","isPartOf":{"@id":"https:\/\/www.hervekerac.fr\/#website"},"primaryImageOfPage":{"@id":"https:\/\/www.hervekerac.fr\/index.php\/album-la-resistance\/#primaryimage"},"image":{"@id":"https:\/\/www.hervekerac.fr\/index.php\/album-la-resistance\/#primaryimage"},"thumbnailUrl":"http:\/\/www.hervekerac.fr\/wp-content\/uploads\/2018\/12\/Bandcamp-1024x1024.jpg","datePublished":"2018-12-20T13:15:33+00:00","dateModified":"2020-02-06T11:36:50+00:00","description":"Herv\u00e9 K\u00e9rac, La R\u00e9sistance - Premier album - La R\u00e9sistance -","breadcrumb":{"@id":"https:\/\/www.hervekerac.fr\/index.php\/album-la-resistance\/#breadcrumb"},"inLanguage":"fr-FR","potentialAction":[{"@type":"ReadAction","target":["https:\/\/www.hervekerac.fr\/index.php\/album-la-resistance\/"]}]},{"@type":"ImageObject","inLanguage":"fr-FR","@id":"https:\/\/www.hervekerac.fr\/index.php\/album-la-resistance\/#primaryimage","url":"http:\/\/www.hervekerac.fr\/wp-content\/uploads\/2018\/12\/Bandcamp-1024x1024.jpg","contentUrl":"http:\/\/www.hervekerac.fr\/wp-content\/uploads\/2018\/12\/Bandcamp-1024x1024.jpg"},{"@type":"BreadcrumbList","@id":"https:\/\/www.hervekerac.fr\/index.php\/album-la-resistance\/#breadcrumb","itemListElement":[{"@type":"ListItem","position":1,"name":"Accueil","item":"https:\/\/www.hervekerac.fr\/"},{"@type":"ListItem","position":2,"name":"&#8211; La R\u00e9sistance &#8211;"}]},{"@type":"WebSite","@id":"https:\/\/www.hervekerac.fr\/#website","url":"https:\/\/www.hervekerac.fr\/","name":"Herv\u00e9 K\u00e9rac","description":"La R\u00e9sistance - premier album","potentialAction":[{"@type":"SearchAction","target":{"@type":"EntryPoint","urlTemplate":"https:\/\/www.hervekerac.fr\/?s={search_term_string}"},"query-input":{"@type":"PropertyValueSpecification","valueRequired":true,"valueName":"search_term_string"}}],"inLanguage":"fr-FR"}]}},"_links":{"self":[{"href":"https:\/\/www.hervekerac.fr\/index.php\/wp-json\/wp\/v2\/pages\/789","targetHints":{"allow":["GET"]}}],"collection":[{"href":"https:\/\/www.hervekerac.fr\/index.php\/wp-json\/wp\/v2\/pages"}],"about":[{"href":"https:\/\/www.hervekerac.fr\/index.php\/wp-json\/wp\/v2\/types\/page"}],"author":[{"embeddable":true,"href":"https:\/\/www.hervekerac.fr\/index.php\/wp-json\/wp\/v2\/users\/3"}],"replies":[{"embeddable":true,"href":"https:\/\/www.hervekerac.fr\/index.php\/wp-json\/wp\/v2\/comments?post=789"}],"version-history":[{"count":41,"href":"https:\/\/www.hervekerac.fr\/index.php\/wp-json\/wp\/v2\/pages\/789\/revisions"}],"predecessor-version":[{"id":1189,"href":"https:\/\/www.hervekerac.fr\/index.php\/wp-json\/wp\/v2\/pages\/789\/revisions\/1189"}],"wp:attachment":[{"href":"https:\/\/www.hervekerac.fr\/index.php\/wp-json\/wp\/v2\/media?parent=789"}],"curies":[{"name":"wp","href":"https:\/\/api.w.org\/{rel}","templated":true}]}}