{"id":577,"date":"2018-12-11T18:33:05","date_gmt":"2018-12-11T17:33:05","guid":{"rendered":"http:\/\/www.hervekerac.fr\/?post_type=product&#038;p=577"},"modified":"2018-12-12T07:15:12","modified_gmt":"2018-12-12T06:15:12","slug":"la-resistance-album","status":"publish","type":"product","link":"https:\/\/www.hervekerac.fr\/index.php\/produit\/la-resistance-album\/","title":{"rendered":"La R\u00e9sistance \u2013 Album"},"content":{"rendered":"<p><img loading=\"lazy\" decoding=\"async\" class=\"alignnone wp-image-133\" src=\"http:\/\/www.hervekerac.fr\/wp-content\/uploads\/2018\/01\/Pochette-Herve\u0301-Ke\u0301rac-La-Re\u0301sistance-3000-1024x1024.jpg\" alt=\"\" width=\"354\" height=\"354\" srcset=\"https:\/\/www.hervekerac.fr\/wp-content\/uploads\/2018\/01\/Pochette-Herve\u0301-Ke\u0301rac-La-Re\u0301sistance-3000-1024x1024.jpg 1024w, https:\/\/www.hervekerac.fr\/wp-content\/uploads\/2018\/01\/Pochette-Herve\u0301-Ke\u0301rac-La-Re\u0301sistance-3000-250x250.jpg 250w, https:\/\/www.hervekerac.fr\/wp-content\/uploads\/2018\/01\/Pochette-Herve\u0301-Ke\u0301rac-La-Re\u0301sistance-3000-100x100.jpg 100w, https:\/\/www.hervekerac.fr\/wp-content\/uploads\/2018\/01\/Pochette-Herve\u0301-Ke\u0301rac-La-Re\u0301sistance-3000-350x350.jpg 350w, https:\/\/www.hervekerac.fr\/wp-content\/uploads\/2018\/01\/Pochette-Herve\u0301-Ke\u0301rac-La-Re\u0301sistance-3000-150x150.jpg 150w, https:\/\/www.hervekerac.fr\/wp-content\/uploads\/2018\/01\/Pochette-Herve\u0301-Ke\u0301rac-La-Re\u0301sistance-3000-300x300.jpg 300w, https:\/\/www.hervekerac.fr\/wp-content\/uploads\/2018\/01\/Pochette-Herve\u0301-Ke\u0301rac-La-Re\u0301sistance-3000-768x768.jpg 768w\" sizes=\"auto, (max-width: 354px) 100vw, 354px\" \/><\/p>\n","protected":false},"excerpt":{"rendered":"<table>\n<tbody>\n<tr>\n<td>1.<\/td>\n<td>Ailleurs<\/td>\n<\/tr>\n<tr>\n<td>2.<\/td>\n<td>A l\u2019envers<\/td>\n<\/tr>\n<tr>\n<td>3.<\/td>\n<td>Attractions terrestres<\/td>\n<\/tr>\n<tr>\n<td>4.<\/td>\n<td>Amour Ivresse<\/td>\n<\/tr>\n<tr>\n<td>5.<\/td>\n<td>Passer par l\u00e0\u00a0(avec Myriam Aouadi-Brunner)<\/td>\n<\/tr>\n<tr>\n<td>6.<\/td>\n<td>Pourtant<\/td>\n<\/tr>\n<tr>\n<td>7.<\/td>\n<td>Mon avenir<\/td>\n<\/tr>\n<tr>\n<td>8.<\/td>\n<td>La R\u00e9sistance<\/td>\n<\/tr>\n<tr>\n<td>9.<\/td>\n<td>La Ronde<\/td>\n<\/tr>\n<tr>\n<td>10.<\/td>\n<td>Sublime supplice<\/td>\n<\/tr>\n<tr>\n<td>11.<\/td>\n<td>Vue du ciel<\/td>\n<\/tr>\n<tr>\n<td>12.<\/td>\n<td>Il n\u2019y a pas d\u2019amour heureux<\/td>\n<\/tr>\n<\/tbody>\n<\/table>\n","protected":false},"featured_media":133,"comment_status":"closed","ping_status":"closed","template":"","meta":[],"product_brand":[],"product_cat":[27],"product_tag":[],"class_list":{"0":"post-577","1":"product","2":"type-product","3":"status-publish","4":"has-post-thumbnail","6":"product_cat-non-classe","8":"first","9":"instock","10":"featured","11":"shipping-taxable","12":"purchasable","13":"product-type-simple"},"yoast_head":"<!-- This site is optimized with the Yoast SEO plugin v27.6 - https:\/\/yoast.com\/product\/yoast-seo-wordpress\/ -->\n<title>La R\u00e9sistance \u2013 Album - Herv\u00e9 K\u00e9rac<\/title>\n<meta name=\"robots\" content=\"index, follow, max-snippet:-1, max-image-preview:large, max-video-preview:-1\" \/>\n<link rel=\"canonical\" href=\"https:\/\/www.hervekerac.fr\/index.php\/produit\/la-resistance-album\/\" \/>\n<meta property=\"og:locale\" content=\"fr_FR\" \/>\n<meta property=\"og:type\" content=\"article\" \/>\n<meta property=\"og:title\" content=\"La R\u00e9sistance \u2013 Album - Herv\u00e9 K\u00e9rac\" \/>\n<meta property=\"og:description\" content=\"1. Ailleurs   2. A l\u2019envers   3. Attractions terrestres   4. Amour Ivresse   5. Passer par l\u00e0\u00a0(avec Myriam Aouadi-Brunner)   6. Pourtant   7. Mon avenir   8. La R\u00e9sistance   9. La Ronde   10. Sublime supplice   11. Vue du ciel   12. Il n\u2019y a pas d\u2019amour heureux\" \/>\n<meta property=\"og:url\" content=\"https:\/\/www.hervekerac.fr\/index.php\/produit\/la-resistance-album\/\" \/>\n<meta property=\"og:site_name\" content=\"Herv\u00e9 K\u00e9rac\" \/>\n<meta property=\"article:publisher\" content=\"https:\/\/www.facebook.com\/hervekerac.officiel\/\" \/>\n<meta property=\"article:modified_time\" content=\"2018-12-12T06:15:12+00:00\" \/>\n<meta property=\"og:image\" content=\"https:\/\/www.hervekerac.fr\/wp-content\/uploads\/2018\/01\/Pochette-Herve\u0301-Ke\u0301rac-La-Re\u0301sistance-3000-1024x1024.jpg\" \/>\n\t<meta property=\"og:image:width\" content=\"1024\" \/>\n\t<meta property=\"og:image:height\" content=\"1024\" \/>\n\t<meta property=\"og:image:type\" content=\"image\/jpeg\" \/>\n<meta name=\"twitter:card\" content=\"summary_large_image\" \/>\n<script type=\"application\/ld+json\" class=\"yoast-schema-graph\">{\"@context\":\"https:\\\/\\\/schema.org\",\"@graph\":[{\"@type\":\"WebPage\",\"@id\":\"https:\\\/\\\/www.hervekerac.fr\\\/index.php\\\/produit\\\/la-resistance-album\\\/\",\"url\":\"https:\\\/\\\/www.hervekerac.fr\\\/index.php\\\/produit\\\/la-resistance-album\\\/\",\"name\":\"La R\u00e9sistance \u2013 Album - Herv\u00e9 K\u00e9rac\",\"isPartOf\":{\"@id\":\"https:\\\/\\\/www.hervekerac.fr\\\/#website\"},\"primaryImageOfPage\":{\"@id\":\"https:\\\/\\\/www.hervekerac.fr\\\/index.php\\\/produit\\\/la-resistance-album\\\/#primaryimage\"},\"image\":{\"@id\":\"https:\\\/\\\/www.hervekerac.fr\\\/index.php\\\/produit\\\/la-resistance-album\\\/#primaryimage\"},\"thumbnailUrl\":\"https:\\\/\\\/www.hervekerac.fr\\\/wp-content\\\/uploads\\\/2018\\\/01\\\/Pochette-Herve\u0301-Ke\u0301rac-La-Re\u0301sistance-3000-scaled.jpg\",\"datePublished\":\"2018-12-11T17:33:05+00:00\",\"dateModified\":\"2018-12-12T06:15:12+00:00\",\"breadcrumb\":{\"@id\":\"https:\\\/\\\/www.hervekerac.fr\\\/index.php\\\/produit\\\/la-resistance-album\\\/#breadcrumb\"},\"inLanguage\":\"fr-FR\",\"potentialAction\":[{\"@type\":\"ReadAction\",\"target\":[\"https:\\\/\\\/www.hervekerac.fr\\\/index.php\\\/produit\\\/la-resistance-album\\\/\"]}]},{\"@type\":\"ImageObject\",\"inLanguage\":\"fr-FR\",\"@id\":\"https:\\\/\\\/www.hervekerac.fr\\\/index.php\\\/produit\\\/la-resistance-album\\\/#primaryimage\",\"url\":\"https:\\\/\\\/www.hervekerac.fr\\\/wp-content\\\/uploads\\\/2018\\\/01\\\/Pochette-Herve\u0301-Ke\u0301rac-La-Re\u0301sistance-3000-scaled.jpg\",\"contentUrl\":\"https:\\\/\\\/www.hervekerac.fr\\\/wp-content\\\/uploads\\\/2018\\\/01\\\/Pochette-Herve\u0301-Ke\u0301rac-La-Re\u0301sistance-3000-scaled.jpg\",\"width\":2560,\"height\":2560},{\"@type\":\"BreadcrumbList\",\"@id\":\"https:\\\/\\\/www.hervekerac.fr\\\/index.php\\\/produit\\\/la-resistance-album\\\/#breadcrumb\",\"itemListElement\":[{\"@type\":\"ListItem\",\"position\":1,\"name\":\"Accueil\",\"item\":\"https:\\\/\\\/www.hervekerac.fr\\\/\"},{\"@type\":\"ListItem\",\"position\":2,\"name\":\"Boutique\",\"item\":\"https:\\\/\\\/www.hervekerac.fr\\\/index.php\\\/boutique\\\/\"},{\"@type\":\"ListItem\",\"position\":3,\"name\":\"La R\u00e9sistance \u2013 Album\"}]},{\"@type\":\"WebSite\",\"@id\":\"https:\\\/\\\/www.hervekerac.fr\\\/#website\",\"url\":\"https:\\\/\\\/www.hervekerac.fr\\\/\",\"name\":\"Herv\u00e9 K\u00e9rac\",\"description\":\"La R\u00e9sistance - premier album\",\"potentialAction\":[{\"@type\":\"SearchAction\",\"target\":{\"@type\":\"EntryPoint\",\"urlTemplate\":\"https:\\\/\\\/www.hervekerac.fr\\\/?s={search_term_string}\"},\"query-input\":{\"@type\":\"PropertyValueSpecification\",\"valueRequired\":true,\"valueName\":\"search_term_string\"}}],\"inLanguage\":\"fr-FR\"}]}<\/script>\n<!-- \/ Yoast SEO plugin. -->","yoast_head_json":{"title":"La R\u00e9sistance \u2013 Album - Herv\u00e9 K\u00e9rac","robots":{"index":"index","follow":"follow","max-snippet":"max-snippet:-1","max-image-preview":"max-image-preview:large","max-video-preview":"max-video-preview:-1"},"canonical":"https:\/\/www.hervekerac.fr\/index.php\/produit\/la-resistance-album\/","og_locale":"fr_FR","og_type":"article","og_title":"La R\u00e9sistance \u2013 Album - Herv\u00e9 K\u00e9rac","og_description":"1. Ailleurs   2. A l\u2019envers   3. Attractions terrestres   4. Amour Ivresse   5. Passer par l\u00e0\u00a0(avec Myriam Aouadi-Brunner)   6. Pourtant   7. Mon avenir   8. La R\u00e9sistance   9. La Ronde   10. Sublime supplice   11. Vue du ciel   12. Il n\u2019y a pas d\u2019amour heureux","og_url":"https:\/\/www.hervekerac.fr\/index.php\/produit\/la-resistance-album\/","og_site_name":"Herv\u00e9 K\u00e9rac","article_publisher":"https:\/\/www.facebook.com\/hervekerac.officiel\/","article_modified_time":"2018-12-12T06:15:12+00:00","og_image":[{"width":1024,"height":1024,"url":"https:\/\/www.hervekerac.fr\/wp-content\/uploads\/2018\/01\/Pochette-Herve\u0301-Ke\u0301rac-La-Re\u0301sistance-3000-1024x1024.jpg","type":"image\/jpeg"}],"twitter_card":"summary_large_image","schema":{"@context":"https:\/\/schema.org","@graph":[{"@type":"WebPage","@id":"https:\/\/www.hervekerac.fr\/index.php\/produit\/la-resistance-album\/","url":"https:\/\/www.hervekerac.fr\/index.php\/produit\/la-resistance-album\/","name":"La R\u00e9sistance \u2013 Album - Herv\u00e9 K\u00e9rac","isPartOf":{"@id":"https:\/\/www.hervekerac.fr\/#website"},"primaryImageOfPage":{"@id":"https:\/\/www.hervekerac.fr\/index.php\/produit\/la-resistance-album\/#primaryimage"},"image":{"@id":"https:\/\/www.hervekerac.fr\/index.php\/produit\/la-resistance-album\/#primaryimage"},"thumbnailUrl":"https:\/\/www.hervekerac.fr\/wp-content\/uploads\/2018\/01\/Pochette-Herve\u0301-Ke\u0301rac-La-Re\u0301sistance-3000-scaled.jpg","datePublished":"2018-12-11T17:33:05+00:00","dateModified":"2018-12-12T06:15:12+00:00","breadcrumb":{"@id":"https:\/\/www.hervekerac.fr\/index.php\/produit\/la-resistance-album\/#breadcrumb"},"inLanguage":"fr-FR","potentialAction":[{"@type":"ReadAction","target":["https:\/\/www.hervekerac.fr\/index.php\/produit\/la-resistance-album\/"]}]},{"@type":"ImageObject","inLanguage":"fr-FR","@id":"https:\/\/www.hervekerac.fr\/index.php\/produit\/la-resistance-album\/#primaryimage","url":"https:\/\/www.hervekerac.fr\/wp-content\/uploads\/2018\/01\/Pochette-Herve\u0301-Ke\u0301rac-La-Re\u0301sistance-3000-scaled.jpg","contentUrl":"https:\/\/www.hervekerac.fr\/wp-content\/uploads\/2018\/01\/Pochette-Herve\u0301-Ke\u0301rac-La-Re\u0301sistance-3000-scaled.jpg","width":2560,"height":2560},{"@type":"BreadcrumbList","@id":"https:\/\/www.hervekerac.fr\/index.php\/produit\/la-resistance-album\/#breadcrumb","itemListElement":[{"@type":"ListItem","position":1,"name":"Accueil","item":"https:\/\/www.hervekerac.fr\/"},{"@type":"ListItem","position":2,"name":"Boutique","item":"https:\/\/www.hervekerac.fr\/index.php\/boutique\/"},{"@type":"ListItem","position":3,"name":"La R\u00e9sistance \u2013 Album"}]},{"@type":"WebSite","@id":"https:\/\/www.hervekerac.fr\/#website","url":"https:\/\/www.hervekerac.fr\/","name":"Herv\u00e9 K\u00e9rac","description":"La R\u00e9sistance - premier album","potentialAction":[{"@type":"SearchAction","target":{"@type":"EntryPoint","urlTemplate":"https:\/\/www.hervekerac.fr\/?s={search_term_string}"},"query-input":{"@type":"PropertyValueSpecification","valueRequired":true,"valueName":"search_term_string"}}],"inLanguage":"fr-FR"}]}},"_links":{"self":[{"href":"https:\/\/www.hervekerac.fr\/index.php\/wp-json\/wp\/v2\/product\/577","targetHints":{"allow":["GET"]}}],"collection":[{"href":"https:\/\/www.hervekerac.fr\/index.php\/wp-json\/wp\/v2\/product"}],"about":[{"href":"https:\/\/www.hervekerac.fr\/index.php\/wp-json\/wp\/v2\/types\/product"}],"replies":[{"embeddable":true,"href":"https:\/\/www.hervekerac.fr\/index.php\/wp-json\/wp\/v2\/comments?post=577"}],"wp:featuredmedia":[{"embeddable":true,"href":"https:\/\/www.hervekerac.fr\/index.php\/wp-json\/wp\/v2\/media\/133"}],"wp:attachment":[{"href":"https:\/\/www.hervekerac.fr\/index.php\/wp-json\/wp\/v2\/media?parent=577"}],"wp:term":[{"taxonomy":"product_brand","embeddable":true,"href":"https:\/\/www.hervekerac.fr\/index.php\/wp-json\/wp\/v2\/product_brand?post=577"},{"taxonomy":"product_cat","embeddable":true,"href":"https:\/\/www.hervekerac.fr\/index.php\/wp-json\/wp\/v2\/product_cat?post=577"},{"taxonomy":"product_tag","embeddable":true,"href":"https:\/\/www.hervekerac.fr\/index.php\/wp-json\/wp\/v2\/product_tag?post=577"}],"curies":[{"name":"wp","href":"https:\/\/api.w.org\/{rel}","templated":true}]}}